{"id":27845,"date":"2025-05-02T20:25:27","date_gmt":"2025-05-03T00:25:27","guid":{"rendered":"https:\/\/www.wiitec.cl\/index.php\/product\/camara-ip-de-vigilancia-daewoo-3mpx\/"},"modified":"2025-11-20T19:51:29","modified_gmt":"2025-11-20T22:51:29","slug":"camara-ip-de-vigilancia-daewoo-3mpx","status":"publish","type":"product","link":"https:\/\/www.wiitec.cl\/index.php\/product\/camara-ip-de-vigilancia-daewoo-3mpx\/","title":{"rendered":"C\u00e1mara IP de vigilancia Daewoo 3mpx"},"content":{"rendered":"<p>&#8211; MARCA: DAEWOO.<\/p>\n<div>&#8211; C\u00e1mara Fija para Exteriores.<\/div>\n<div>&#8211; Notificaciones en tu tel\u00e9fono en caso de detecci\u00f3n de movimiento.<\/div>\n<div>&#8211; F\u00e1cil instalaci\u00f3n: Agrega el dispositivo con unos pocos clics.<\/div>\n<div>&#8211; Controla todos tus dispositivos con una sola aplicaci\u00f3n.<\/div>\n<div>&#8211; Sistema de audio bidireccional para hablar y escuchar a trav\u00e9s de la c\u00e1mara.<\/div>\n<div>&#8211; Visi\u00f3n nocturna para protecci\u00f3n incluso durante la noche.<\/div>\n<div>&#8211; Activa la detecci\u00f3n con intervalos de tiempo.<\/div>\n<div>&#8211; Longitud del cable: 2 metros.<\/div>\n<div>&#8211; Requiere estar conectada a la corriente.<\/div>\n<div>\n<\/div>\n<div>Conectividad\/conexi\u00f3n: Bluetooth, Cualquier dispositivo, Ethernet, Wifi<\/div>\n<div>Resoluci\u00f3n de pantalla: FHD (1920 x 1080 p)<\/div>\n<div>Alcance: 1 \u2013 10 Mts<\/div>\n<div>Incluye: Camara IP<\/div>\n<div>Visi\u00f3n nocturna: S\u00ed<\/div>\n<div>\u00c1ngulo de visi\u00f3n: 110\u00b0<\/div>\n<div>Cantidad de c\u00e1maras soportadas: 1<\/div>\n<div>Cuenta con disco duro: No<\/div>\n<div>Di\u00e1metro del lente: 3.6 mm<\/div>\n","protected":false},"excerpt":{"rendered":"<p>&#8211; MARCA: DAEWOO. &#8211; C\u00e1mara Fija para Exteriores. &#8211; Notificaciones en tu tel\u00e9fono en caso de detecci\u00f3n de movimiento. &#8211;<\/p>\n","protected":false},"featured_media":27843,"comment_status":"open","ping_status":"closed","template":"","meta":[],"product_brand":[],"product_cat":[607],"product_tag":[],"class_list":{"0":"post-27845","1":"product","2":"type-product","3":"status-publish","4":"has-post-thumbnail","6":"product_cat-daewoo","8":"first","9":"outofstock","10":"sale","11":"taxable","12":"shipping-taxable","13":"purchasable","14":"product-type-simple"},"jetpack_sharing_enabled":true,"_links":{"self":[{"href":"https:\/\/www.wiitec.cl\/index.php\/wp-json\/wp\/v2\/product\/27845","targetHints":{"allow":["GET"]}}],"collection":[{"href":"https:\/\/www.wiitec.cl\/index.php\/wp-json\/wp\/v2\/product"}],"about":[{"href":"https:\/\/www.wiitec.cl\/index.php\/wp-json\/wp\/v2\/types\/product"}],"replies":[{"embeddable":true,"href":"https:\/\/www.wiitec.cl\/index.php\/wp-json\/wp\/v2\/comments?post=27845"}],"version-history":[{"count":1,"href":"https:\/\/www.wiitec.cl\/index.php\/wp-json\/wp\/v2\/product\/27845\/revisions"}],"predecessor-version":[{"id":28661,"href":"https:\/\/www.wiitec.cl\/index.php\/wp-json\/wp\/v2\/product\/27845\/revisions\/28661"}],"wp:featuredmedia":[{"embeddable":true,"href":"https:\/\/www.wiitec.cl\/index.php\/wp-json\/wp\/v2\/media\/27843"}],"wp:attachment":[{"href":"https:\/\/www.wiitec.cl\/index.php\/wp-json\/wp\/v2\/media?parent=27845"}],"wp:term":[{"taxonomy":"product_brand","embeddable":true,"href":"https:\/\/www.wiitec.cl\/index.php\/wp-json\/wp\/v2\/product_brand?post=27845"},{"taxonomy":"product_cat","embeddable":true,"href":"https:\/\/www.wiitec.cl\/index.php\/wp-json\/wp\/v2\/product_cat?post=27845"},{"taxonomy":"product_tag","embeddable":true,"href":"https:\/\/www.wiitec.cl\/index.php\/wp-json\/wp\/v2\/product_tag?post=27845"}],"curies":[{"name":"wp","href":"https:\/\/api.w.org\/{rel}","templated":true}]}}