{"id":28578,"date":"2025-10-03T20:29:08","date_gmt":"2025-10-03T23:29:08","guid":{"rendered":"https:\/\/www.wiitec.cl\/index.php\/product\/adaptador-usb-nano-bluetooth-5-3-mercusys-ma530\/"},"modified":"2025-10-08T19:13:48","modified_gmt":"2025-10-08T22:13:48","slug":"adaptador-usb-nano-bluetooth-5-3-mercusys-ma530","status":"publish","type":"product","link":"https:\/\/www.wiitec.cl\/index.php\/product\/adaptador-usb-nano-bluetooth-5-3-mercusys-ma530\/","title":{"rendered":"MW150US\nN150 Wireless Nano USB Adapter"},"content":{"rendered":"<p>ADAPTADOR USB NANO INAL\u00c1MBRICO N150 MW150US<\/p>\n<p>Ideal para aplicaciones de Internet esenciales como la navegaci\u00f3n en Internet, correo electr\u00f3nico y chat.<br \/>\nSoporta Windows 11\/10\/8.1\/8\/7\/XP (32\/64bit)<\/p>\n<p>\u2022 TAMA\u00d1O MINIATURA<br \/>\nCon su dise\u00f1o ultra compacto, el MW150US es extremadamente conveniente para su uso tanto dentro como fuera de casa.<\/p>\n<p>Puede dejarlo conectado sin preocupaciones de que se desconecte o se extrav\u00ede.<\/p>\n<p>\u2022 USO COMPARTIDO DE LA RED INAL\u00c1MBRICA<br \/>\nLa funci\u00f3n Soft AP permite que el MW150US convierta su PC o laptop en un hotspot Wi-Fi (Punto de acceso de conexiones inal\u00e1mbricas), si est\u00e1 utilizando una conexi\u00f3n conectada por cable existente. Permitiendo que dispositivos m\u00f3viles, incluyendo smartphones y tablets, se conecten a la red inal\u00e1mbrica de 150Mbps de alto rendimiento.<\/p>\n<p>\u2022 VELOCIDAD INAL\u00c1MBRICA DE 150MBPS<br \/>\nEste adaptador en miniatura puede alcanzar velocidades inal\u00e1mbricas de hasta 150 Mbps, \u00f3ptimo para la navegaci\u00f3n por Internet fluida, descargas de archivos r\u00e1pidas y comunicaciones estables a trav\u00e9s de Internet.<\/p>\n<p>ESPECIFICACIONES:<\/p>\n<p>\u2022 Color: Blanco<br \/>\n\u2022 Tipo de antena: Interna<\/p>\n<p>TASA DE SE\u00d1AL<br \/>\n\u2022 11n: hasta 150 Mbps (din\u00e1mico)<br \/>\n\u2022 11g: hasta 54 Mbps (din\u00e1mico)<br \/>\n\u2022 11b: hasta 11 Mbps (din\u00e1mico)<\/p>\n<p>EST\u00c1NDARES INAL\u00c1MBRICOS<br \/>\n\u2022 IEEE 802.11n, IEEE 802.11g, IEEE 802.11b<\/p>\n<p>FRECUENCIA<br \/>\n\u2022 2.400 \u2013 2.4835 GHz<\/p>\n<p>SENSIBILIDAD DE RECEPCI\u00d3N<br \/>\n\u2022 130M: -68dBm @ 10% POR<br \/>\n\u2022 108M: -68dBm @ 10% POR<br \/>\n\u2022 54M: -68dBm @ 10% POR<br \/>\n\u2022 11M: -85dBm @ 8% POR<br \/>\n\u2022 6M: -88dBm @ 10% POR<br \/>\n\u2022 1M: -90dBm @ 8% POR<\/p>\n<p>INTERFACES<br \/>\n\u2022 USB 2.0<\/p>\n<p>CERTIFICACIONES<br \/>\n\u2022 CE, ROHS<\/p>\n<p>PODER DE TRANSMISI\u00d3N<br \/>\n\u2022 &lt;20dBm<\/p>\n<p>SEGURIDAD INAL\u00c1MBRICA<br \/>\n\u2022 WEP, WPA\/WPA2, WPA-PSK\/WPA2-PSK<\/p>\n<p>DIMENSIONES<br \/>\n\u2022 18.9 \u00d7 14.8 \u00d7 6.85 mm<\/p>\n","protected":false},"excerpt":{"rendered":"<p>ADAPTADOR USB NANO INAL\u00c1MBRICO N150 MW150US Ideal para aplicaciones de Internet esenciales como la navegaci\u00f3n en Internet, correo electr\u00f3nico y<\/p>\n","protected":false},"featured_media":28633,"comment_status":"open","ping_status":"closed","template":"","meta":[],"product_brand":[],"product_cat":[24],"product_tag":[],"class_list":{"0":"post-28578","1":"product","2":"type-product","3":"status-publish","4":"has-post-thumbnail","6":"product_cat-redes","8":"first","9":"instock","10":"sale","11":"sold-individually","12":"taxable","13":"shipping-taxable","14":"purchasable","15":"product-type-simple"},"jetpack_sharing_enabled":true,"_links":{"self":[{"href":"https:\/\/www.wiitec.cl\/index.php\/wp-json\/wp\/v2\/product\/28578","targetHints":{"allow":["GET"]}}],"collection":[{"href":"https:\/\/www.wiitec.cl\/index.php\/wp-json\/wp\/v2\/product"}],"about":[{"href":"https:\/\/www.wiitec.cl\/index.php\/wp-json\/wp\/v2\/types\/product"}],"replies":[{"embeddable":true,"href":"https:\/\/www.wiitec.cl\/index.php\/wp-json\/wp\/v2\/comments?post=28578"}],"version-history":[{"count":5,"href":"https:\/\/www.wiitec.cl\/index.php\/wp-json\/wp\/v2\/product\/28578\/revisions"}],"predecessor-version":[{"id":28634,"href":"https:\/\/www.wiitec.cl\/index.php\/wp-json\/wp\/v2\/product\/28578\/revisions\/28634"}],"wp:featuredmedia":[{"embeddable":true,"href":"https:\/\/www.wiitec.cl\/index.php\/wp-json\/wp\/v2\/media\/28633"}],"wp:attachment":[{"href":"https:\/\/www.wiitec.cl\/index.php\/wp-json\/wp\/v2\/media?parent=28578"}],"wp:term":[{"taxonomy":"product_brand","embeddable":true,"href":"https:\/\/www.wiitec.cl\/index.php\/wp-json\/wp\/v2\/product_brand?post=28578"},{"taxonomy":"product_cat","embeddable":true,"href":"https:\/\/www.wiitec.cl\/index.php\/wp-json\/wp\/v2\/product_cat?post=28578"},{"taxonomy":"product_tag","embeddable":true,"href":"https:\/\/www.wiitec.cl\/index.php\/wp-json\/wp\/v2\/product_tag?post=28578"}],"curies":[{"name":"wp","href":"https:\/\/api.w.org\/{rel}","templated":true}]}}