{"id":28708,"date":"2026-02-21T00:13:30","date_gmt":"2026-02-21T03:13:30","guid":{"rendered":"https:\/\/www.wiitec.cl\/index.php\/product\/streaming-android-tv-stick\/"},"modified":"2026-02-21T00:13:32","modified_gmt":"2026-02-21T03:13:32","slug":"streaming-android-tv-stick","status":"publish","type":"product","link":"https:\/\/www.wiitec.cl\/index.php\/product\/streaming-android-tv-stick\/","title":{"rendered":"Streaming android tv stick"},"content":{"rendered":"<p><span style=\"font-family: Arial, sans-serif;font-size: 15px;font-style: normal;font-weight: 400;letter-spacing: normal;text-align: start;text-indent: 0px;text-transform: none;white-space: normal;text-decoration: none;float: none\">Experimenta el futuro del entretenimiento en tu hogar con la Consola Streaming Android TV Stick de Technet. Este dispositivo compacto y elegante redefine la forma en que disfrutas de tus contenidos favoritos, transformando cualquier televisor en una Smart TV de \u00faltima generaci\u00f3n. Sum\u00e9rgete en un mundo de posibilidades con acceso ilimitado a tus plataformas de streaming preferidas, juegos Android y miles de aplicaciones directamente en la pantalla grande.<\/span><\/p>\n","protected":false},"excerpt":{"rendered":"<p>Experimenta el futuro del entretenimiento en tu hogar con la Consola Streaming Android TV Stick de Technet. Este dispositivo compacto<\/p>\n","protected":false},"featured_media":28706,"comment_status":"open","ping_status":"closed","template":"","meta":[],"product_brand":[],"product_cat":[575],"product_tag":[],"class_list":{"0":"post-28708","1":"product","2":"type-product","3":"status-publish","4":"has-post-thumbnail","6":"product_cat-accesorios-celular","8":"first","9":"instock","10":"taxable","11":"shipping-taxable","12":"purchasable","13":"product-type-simple"},"jetpack_sharing_enabled":true,"_links":{"self":[{"href":"https:\/\/www.wiitec.cl\/index.php\/wp-json\/wp\/v2\/product\/28708","targetHints":{"allow":["GET"]}}],"collection":[{"href":"https:\/\/www.wiitec.cl\/index.php\/wp-json\/wp\/v2\/product"}],"about":[{"href":"https:\/\/www.wiitec.cl\/index.php\/wp-json\/wp\/v2\/types\/product"}],"replies":[{"embeddable":true,"href":"https:\/\/www.wiitec.cl\/index.php\/wp-json\/wp\/v2\/comments?post=28708"}],"version-history":[{"count":0,"href":"https:\/\/www.wiitec.cl\/index.php\/wp-json\/wp\/v2\/product\/28708\/revisions"}],"wp:featuredmedia":[{"embeddable":true,"href":"https:\/\/www.wiitec.cl\/index.php\/wp-json\/wp\/v2\/media\/28706"}],"wp:attachment":[{"href":"https:\/\/www.wiitec.cl\/index.php\/wp-json\/wp\/v2\/media?parent=28708"}],"wp:term":[{"taxonomy":"product_brand","embeddable":true,"href":"https:\/\/www.wiitec.cl\/index.php\/wp-json\/wp\/v2\/product_brand?post=28708"},{"taxonomy":"product_cat","embeddable":true,"href":"https:\/\/www.wiitec.cl\/index.php\/wp-json\/wp\/v2\/product_cat?post=28708"},{"taxonomy":"product_tag","embeddable":true,"href":"https:\/\/www.wiitec.cl\/index.php\/wp-json\/wp\/v2\/product_tag?post=28708"}],"curies":[{"name":"wp","href":"https:\/\/api.w.org\/{rel}","templated":true}]}}