{"id":28770,"date":"2026-03-27T02:28:28","date_gmt":"2026-03-27T05:28:28","guid":{"rendered":"https:\/\/www.wiitec.cl\/index.php\/product\/powerbank-philco-20-000mah-pd-22-5w-blk\/"},"modified":"2026-03-27T21:25:42","modified_gmt":"2026-03-28T00:25:42","slug":"powerbank-philco-20-000mah-pd-22-5w-blk","status":"publish","type":"product","link":"https:\/\/www.wiitec.cl\/index.php\/product\/powerbank-philco-20-000mah-pd-22-5w-blk\/","title":{"rendered":"Powerbank Philco 20.000mah \/ Pd 22.5w Blk"},"content":{"rendered":"<p>Philco Power Bank 20,000 mAh \/ PD 22.5W Negro<\/p>\n<p>Es el \u00abest\u00e1ndar de oro\u00bb para viajeros. Ofrece una autonom\u00eda extendida sin ser excesivamente pesado, manteniendo un tama\u00f1o manejable en una mochila.<br \/>\nCapacidad Reales: Capaz de cargar un smartphone entre 4 y 4.5 veces, o una tablet grande (como un iPad) una vez y media.<br \/>\nDise\u00f1o: Tama\u00f1o similar al de un smartphone grande, pero m\u00e1s grueso (aproximadamente el doble de grosor).<br \/>\nPanel: Incluye indicador digital LED para saber exactamente cu\u00e1nta energ\u00eda queda (del 1 al 100%).<br \/>\nUso ideal: Viajes de fin de semana, vuelos largos o personas que usan intensivamente el GPS y la c\u00e1mara del celular.<\/p>\n<p>Entrada\/Salida USB-C: Carga r\u00e1pida bidireccional.<br \/>\nSalida USB-A: Compatible con cables est\u00e1ndar.<br \/>\nProtocolos: Soporta Power Delivery (PD) y Quick Charge (QC 3.0).<br \/>\nSeguridad: Chip inteligente que evita sobrecalentamiento y cortocircuitos.<\/p>\n","protected":false},"excerpt":{"rendered":"<p>Philco Power Bank 20,000 mAh \/ PD 22.5W Negro Es el \u00abest\u00e1ndar de oro\u00bb para viajeros. Ofrece una autonom\u00eda extendida<\/p>\n","protected":false},"featured_media":28769,"comment_status":"open","ping_status":"closed","template":"","meta":[],"product_brand":[],"product_cat":[548],"product_tag":[],"class_list":{"0":"post-28770","1":"product","2":"type-product","3":"status-publish","4":"has-post-thumbnail","6":"product_cat-power-bank","8":"first","9":"instock","10":"sale","11":"taxable","12":"shipping-taxable","13":"purchasable","14":"product-type-simple"},"jetpack_sharing_enabled":true,"_links":{"self":[{"href":"https:\/\/www.wiitec.cl\/index.php\/wp-json\/wp\/v2\/product\/28770","targetHints":{"allow":["GET"]}}],"collection":[{"href":"https:\/\/www.wiitec.cl\/index.php\/wp-json\/wp\/v2\/product"}],"about":[{"href":"https:\/\/www.wiitec.cl\/index.php\/wp-json\/wp\/v2\/types\/product"}],"replies":[{"embeddable":true,"href":"https:\/\/www.wiitec.cl\/index.php\/wp-json\/wp\/v2\/comments?post=28770"}],"version-history":[{"count":0,"href":"https:\/\/www.wiitec.cl\/index.php\/wp-json\/wp\/v2\/product\/28770\/revisions"}],"wp:featuredmedia":[{"embeddable":true,"href":"https:\/\/www.wiitec.cl\/index.php\/wp-json\/wp\/v2\/media\/28769"}],"wp:attachment":[{"href":"https:\/\/www.wiitec.cl\/index.php\/wp-json\/wp\/v2\/media?parent=28770"}],"wp:term":[{"taxonomy":"product_brand","embeddable":true,"href":"https:\/\/www.wiitec.cl\/index.php\/wp-json\/wp\/v2\/product_brand?post=28770"},{"taxonomy":"product_cat","embeddable":true,"href":"https:\/\/www.wiitec.cl\/index.php\/wp-json\/wp\/v2\/product_cat?post=28770"},{"taxonomy":"product_tag","embeddable":true,"href":"https:\/\/www.wiitec.cl\/index.php\/wp-json\/wp\/v2\/product_tag?post=28770"}],"curies":[{"name":"wp","href":"https:\/\/api.w.org\/{rel}","templated":true}]}}