{"id":28785,"date":"2026-03-31T23:58:27","date_gmt":"2026-04-01T02:58:27","guid":{"rendered":"https:\/\/www.wiitec.cl\/index.php\/product\/cable-de-red-macrotel-3-mt-patch-cord-utp-cat-5e-mc-2004\/"},"modified":"2026-04-01T00:02:05","modified_gmt":"2026-04-01T03:02:05","slug":"cable-de-red-macrotel-3-mt-patch-cord-utp-cat-5e-mc-2004","status":"publish","type":"product","link":"https:\/\/www.wiitec.cl\/index.php\/product\/cable-de-red-macrotel-3-mt-patch-cord-utp-cat-5e-mc-2004\/","title":{"rendered":"CABLE DE RED MACROTEL 3 MT PATCH CORD UTP CAT 5E MC-2004"},"content":{"rendered":"<p style=\"margin-top: 0px;margin-bottom: calc(var(--section-content-static-padding) * 1.5);font-family: Inter, sans-serif;font-size: 14px;font-style: normal;font-weight: 400;letter-spacing: normal;text-align: start;text-indent: 0px;text-transform: none;white-space: normal\">Conecta tus dispositivos a la red de forma r\u00e1pida, segura y estable con el&nbsp;Cable de Red Patch Cord Macrotel MC-2004 al Por Mayor, dise\u00f1ado para ofrecer un rendimiento confiable en redes dom\u00e9sticas y profesionales. Gracias a su construcci\u00f3n de alta calidad y conectores RJ45 termofusionados de f\u00e1brica, garantiza una excelente transmisi\u00f3n de datos y mayor durabilidad.<\/p>\n<p style=\"margin-top: 0px;margin-bottom: calc(var(--section-content-static-padding) * 1.5);font-family: Inter, sans-serif;font-size: 14px;font-style: normal;font-weight: 400;letter-spacing: normal;text-align: start;text-indent: 0px;text-transform: none;white-space: normal\">Ideal para conectar notebooks, computadores, routers, switches, m\u00f3dems y otros dispositivos compatibles con red Ethernet.<\/p>\n<p style=\"margin-top: 0px;margin-bottom: calc(var(--section-content-static-padding) * 1.5);font-family: Inter, sans-serif;font-size: 14px;font-style: normal;font-weight: 400;letter-spacing: normal;text-align: start;text-indent: 0px;text-transform: none;white-space: normal\">Beneficios<\/p>\n<p style=\"margin-top: 0px;margin-bottom: calc(var(--section-content-static-padding) * 1.5);font-family: Inter, sans-serif;font-size: 14px;font-style: normal;font-weight: 400;letter-spacing: normal;text-align: start;text-indent: 0px;text-transform: none;white-space: normal\">Conexi\u00f3n estable y de alta velocidad<br \/>\nIdeal para redes dom\u00e9sticas y de oficina<br \/>\nMayor durabilidad gracias a conectores reforzados<br \/>\nInstalaci\u00f3n r\u00e1pida y sencilla<br \/>\nCompatible con laptops, PCs, routers, switches y m\u00f3dems<br \/>\nExcelente calidad de se\u00f1al y menor p\u00e9rdida de datos<\/p>\n<p>Usos recomendados<\/p>\n<p style=\"margin-top: 0px;margin-bottom: calc(var(--section-content-static-padding) * 1.5);font-family: Inter, sans-serif;font-size: 14px;font-style: normal;font-weight: 400;letter-spacing: normal;text-align: start;text-indent: 0px;text-transform: none;white-space: normal\">Conectar computador a router o m\u00f3dem<br \/>\nRedes dom\u00e9sticas y empresariales<br \/>\nOficinas, hogares y centros educativos<br \/>\nSistemas de internet cableado<br \/>\nInstalaciones de red estructurada<\/p>\n<p style=\"margin-top: 0px;margin-bottom: calc(var(--section-content-static-padding) * 1.5);font-family: Inter, sans-serif;font-size: 14px;font-style: normal;font-weight: 400;letter-spacing: normal;text-align: start;text-indent: 0px;text-transform: none;white-space: normal\">Compatibilidad<\/p>\n<p style=\"margin-top: 0px;margin-bottom: calc(var(--section-content-static-padding) * 1.5);font-family: Inter, sans-serif;font-size: 14px;font-style: normal;font-weight: 400;letter-spacing: normal;text-align: start;text-indent: 0px;text-transform: none;white-space: normal\">Compatible con cualquier dispositivo que utilice puerto Ethernet RJ45, incluyendo:<br \/>\nComputadores de escritorio<br \/>\nNotebooks<br \/>\nRouters<br \/>\nSwitches<br \/>\nM\u00f3dems<br \/>\nAccess Points<br \/>\nConsolas y Smart TV<\/p>\n<p style=\"margin-top: 0px;margin-bottom: calc(var(--section-content-static-padding) * 1.5);font-family: Inter, sans-serif;font-size: 14px;font-style: normal;font-weight: 400;letter-spacing: normal;text-align: start;text-indent: 0px;text-transform: none;white-space: normal\">Caracter\u00edsticas principales<\/p>\n<p style=\"margin-top: 0px;margin-bottom: 0px;font-family: Inter, sans-serif;font-size: 14px;font-style: normal;font-weight: 400;letter-spacing: normal;text-align: start;text-indent: 0px;text-transform: none;white-space: normal\">Marca: Macrotel<br \/>\nModelo: MC-2004<br \/>\nTipo: Cable de red Patch Cord<br \/>\nLargo: 3 metros<br \/>\nCategor\u00eda: Cat 5E<br \/>\nConectores: RJ45 macho en ambos extremos<br \/>\nColor: Beige<br \/>\nMaterial: Cable de alta calidad para transmisi\u00f3n estable<br \/>\nTerminaci\u00f3n: Conectores termofusionados de f\u00e1brica para mayor resistencia<br \/>\nPresentaci\u00f3n: Blister original de f\u00e1brica<br \/>\nSKU Mayorista: 8612<\/p>\n","protected":false},"excerpt":{"rendered":"<p>Conecta tus dispositivos a la red de forma r\u00e1pida, segura y estable con el&nbsp;Cable de Red Patch Cord Macrotel MC-2004<\/p>\n","protected":false},"featured_media":28787,"comment_status":"open","ping_status":"closed","template":"","meta":[],"product_brand":[],"product_cat":[626],"product_tag":[],"class_list":{"0":"post-28785","1":"product","2":"type-product","3":"status-publish","4":"has-post-thumbnail","6":"product_cat-cables-de-red","8":"first","9":"instock","10":"sold-individually","11":"taxable","12":"shipping-taxable","13":"purchasable","14":"product-type-simple"},"jetpack_sharing_enabled":true,"_links":{"self":[{"href":"https:\/\/www.wiitec.cl\/index.php\/wp-json\/wp\/v2\/product\/28785","targetHints":{"allow":["GET"]}}],"collection":[{"href":"https:\/\/www.wiitec.cl\/index.php\/wp-json\/wp\/v2\/product"}],"about":[{"href":"https:\/\/www.wiitec.cl\/index.php\/wp-json\/wp\/v2\/types\/product"}],"replies":[{"embeddable":true,"href":"https:\/\/www.wiitec.cl\/index.php\/wp-json\/wp\/v2\/comments?post=28785"}],"version-history":[{"count":1,"href":"https:\/\/www.wiitec.cl\/index.php\/wp-json\/wp\/v2\/product\/28785\/revisions"}],"predecessor-version":[{"id":28788,"href":"https:\/\/www.wiitec.cl\/index.php\/wp-json\/wp\/v2\/product\/28785\/revisions\/28788"}],"wp:featuredmedia":[{"embeddable":true,"href":"https:\/\/www.wiitec.cl\/index.php\/wp-json\/wp\/v2\/media\/28787"}],"wp:attachment":[{"href":"https:\/\/www.wiitec.cl\/index.php\/wp-json\/wp\/v2\/media?parent=28785"}],"wp:term":[{"taxonomy":"product_brand","embeddable":true,"href":"https:\/\/www.wiitec.cl\/index.php\/wp-json\/wp\/v2\/product_brand?post=28785"},{"taxonomy":"product_cat","embeddable":true,"href":"https:\/\/www.wiitec.cl\/index.php\/wp-json\/wp\/v2\/product_cat?post=28785"},{"taxonomy":"product_tag","embeddable":true,"href":"https:\/\/www.wiitec.cl\/index.php\/wp-json\/wp\/v2\/product_tag?post=28785"}],"curies":[{"name":"wp","href":"https:\/\/api.w.org\/{rel}","templated":true}]}}