{"id":28800,"date":"2026-04-01T22:29:51","date_gmt":"2026-04-02T01:29:51","guid":{"rendered":"https:\/\/www.wiitec.cl\/index.php\/product\/linterna-recargable-nebo-slyde-king-2k-2000-lumenes\/"},"modified":"2026-04-02T18:18:30","modified_gmt":"2026-04-02T21:18:30","slug":"linterna-recargable-nebo-slyde-king-2k-2000-lumenes","status":"publish","type":"product","link":"https:\/\/www.wiitec.cl\/index.php\/product\/linterna-recargable-nebo-slyde-king-2k-2000-lumenes\/","title":{"rendered":"LINTERNA RECARGABLE NEBO SLYDE KING 2K 2000 L\u00daMENES"},"content":{"rendered":"<p>DESCRIPCI\u00d3N<\/p>\n<div id=\"shopify-section-template--16671065604378__sub\" class=\"shopify-section\" style=\"font-family: MyFont, sans-serif;font-size: 17px;font-style: normal;font-weight: 400;letter-spacing: 0.425px;text-align: start;text-indent: 0px;text-transform: none;white-space: normal\">\n<div class=\"page-width page-width--narrow\" style=\"max-width: 1000px;margin: 0px auto;padding: 0px 20px\">\n<div class=\"product-full-width\" style=\"margin-top: 40px\">\n<div class=\"product-block\" style=\"margin-bottom: 25px\">\n<div class=\"rte\">\n<p style=\"font-family: var(--typeBasePrimary),var(--typeBaseFallback);font-weight: var(--typeBaseWeight);letter-spacing: var(--typeBaseSpacing);line-height: var(--typeBaseLineHeight);font-size: var(--typeBaseSize);margin: 0px 0px 25px\">La Slyde King 2k&nbsp;es una linterna de 2,000 l\u00famenes, recargable, impermeable (IP67) y extremadamente vers\u00e1til,&nbsp; con zoom 4x y una luz de trabajo de 500 l\u00famenes C \u2022 O \u2022 B. Cada modo de luz es inm\u00f3vil con memoria programable.&nbsp;Tambi\u00e9n cuenta con un agarre de goma ergon\u00f3mico y una potente base magn\u00e9tica.<\/p>\n<p style=\"font-family: var(--typeBasePrimary),var(--typeBaseFallback);font-weight: var(--typeBaseWeight);letter-spacing: var(--typeBaseSpacing);line-height: var(--typeBaseLineHeight);font-size: var(--typeBaseSize);margin: 0px 0px 25px\"><strong style=\"font-weight: 700\">6 Modos de Luz<span class=\"Apple-converted-space\">&nbsp;<\/span><br \/>\n<\/strong>\u2022 Linterna (2000 l\u00famenes) &#8211; 2 horas \/ 409 metros.<br \/>\n\u2022 C.O.B Luz de trabajo (500 l\u00famenes) &#8211; 4 horas \/ 34 metros.<br \/>\n\u2022 Rojo C.O.B Estable (40 l\u00famenes) &#8211; 6 horas \/ 9 metros.<br \/>\n\u2022 Red C.O.B Flash (40 l\u00famenes) &#8211; 6 horas \/ 9 metros.<\/p>\n<p style=\"font-family: var(--typeBasePrimary),var(--typeBaseFallback);font-weight: var(--typeBaseWeight);letter-spacing: var(--typeBaseSpacing);line-height: var(--typeBaseLineHeight);font-size: var(--typeBaseSize);margin: 0px 0px 25px\"><strong style=\"font-weight: 700\">Dise\u00f1o<span class=\"Apple-converted-space\">&nbsp;<\/span><\/strong><br \/>\n\u2022 USB-C Recargable.<br \/>\n\u2022 OC \u2122 Tecnolog\u00eda.<br \/>\n\u2022 4x zoom ajustable.<br \/>\n\u2022 Configuraci\u00f3n de memoria de potencia + potencia.<br \/>\n\u2022 Directo- Rojo.<br \/>\n\u2022 Indicador de encendido.<br \/>\n\u2022 Indicador de carga de bater\u00eda.<br \/>\n\u2022 Agarre de goma.<br \/>\n\u2022 Aluminio anodizado de grado aeron\u00e1utico.<br \/>\n\u2022 Impermeable (IP67) y resistente al impacto.<br \/>\n\u2022 Potente base magn\u00e9tica.<\/p>\n<p style=\"font-family: var(--typeBasePrimary),var(--typeBaseFallback);font-weight: var(--typeBaseWeight);letter-spacing: var(--typeBaseSpacing);line-height: var(--typeBaseLineHeight);font-size: var(--typeBaseSize);margin: 0px 0px 25px\"><strong style=\"font-weight: 700\">Operaci\u00f3n<span class=\"Apple-converted-space\">&nbsp;<\/span><\/strong><br \/>\n\u2022 Bot\u00f3n de retroiluminaci\u00f3n de posicionamiento lateral con indicador de encendido.<\/p>\n<p style=\"font-family: var(--typeBasePrimary),var(--typeBaseFallback);font-weight: var(--typeBaseWeight);letter-spacing: var(--typeBaseSpacing);line-height: var(--typeBaseLineHeight);font-size: var(--typeBaseSize);margin: 0px 0px 25px\"><strong style=\"font-weight: 700\">Accesorios<span class=\"Apple-converted-space\">&nbsp;<\/span><\/strong><br \/>\n\u2022 USB-C al cable de carga USB.<br \/>\n\u2022 Lanyard.<\/p>\n<p style=\"font-family: var(--typeBasePrimary),var(--typeBaseFallback);font-weight: var(--typeBaseWeight);letter-spacing: var(--typeBaseSpacing);line-height: var(--typeBaseLineHeight);font-size: var(--typeBaseSize);margin: 0px 0px 25px\"><strong style=\"font-weight: 700\">Bater\u00edas<span class=\"Apple-converted-space\">&nbsp;<\/span><\/strong><br \/>\n\u2022 Alimentado por bater\u00eda recargable interna (tiempo de recarga: 4 &#8211; 8 horas, dependiendo de la salida de USB).<\/p>\n<p style=\"font-family: var(--typeBasePrimary),var(--typeBaseFallback);font-weight: var(--typeBaseWeight);letter-spacing: var(--typeBaseSpacing);line-height: var(--typeBaseLineHeight);font-size: var(--typeBaseSize);margin: 0px\"><strong style=\"font-weight: 700\">Especificaciones<span class=\"Apple-converted-space\">&nbsp;<\/span><br \/>\n<\/strong>\u2022 Peso: 453g<br \/>\n\u2022 Longitud: 190 mm (extendido: 244 mm).<br \/>\n\u2022 Di\u00e1metro: 41 mm (cabeza)\/35 mm (barril).<\/p>\n<\/div>\n<\/div>\n<\/div>\n<\/div>\n<\/div>\n","protected":false},"excerpt":{"rendered":"<p>DESCRIPCI\u00d3N La Slyde King 2k&nbsp;es una linterna de 2,000 l\u00famenes, recargable, impermeable (IP67) y extremadamente vers\u00e1til,&nbsp; con zoom 4x y<\/p>\n","protected":false},"featured_media":28796,"comment_status":"open","ping_status":"closed","template":"","meta":[],"product_brand":[],"product_cat":[575],"product_tag":[],"class_list":{"0":"post-28800","1":"product","2":"type-product","3":"status-publish","4":"has-post-thumbnail","6":"product_cat-accesorios-celular","8":"first","9":"instock","10":"sale","11":"sold-individually","12":"taxable","13":"shipping-taxable","14":"purchasable","15":"product-type-simple"},"jetpack_sharing_enabled":true,"_links":{"self":[{"href":"https:\/\/www.wiitec.cl\/index.php\/wp-json\/wp\/v2\/product\/28800","targetHints":{"allow":["GET"]}}],"collection":[{"href":"https:\/\/www.wiitec.cl\/index.php\/wp-json\/wp\/v2\/product"}],"about":[{"href":"https:\/\/www.wiitec.cl\/index.php\/wp-json\/wp\/v2\/types\/product"}],"replies":[{"embeddable":true,"href":"https:\/\/www.wiitec.cl\/index.php\/wp-json\/wp\/v2\/comments?post=28800"}],"version-history":[{"count":2,"href":"https:\/\/www.wiitec.cl\/index.php\/wp-json\/wp\/v2\/product\/28800\/revisions"}],"predecessor-version":[{"id":28803,"href":"https:\/\/www.wiitec.cl\/index.php\/wp-json\/wp\/v2\/product\/28800\/revisions\/28803"}],"wp:featuredmedia":[{"embeddable":true,"href":"https:\/\/www.wiitec.cl\/index.php\/wp-json\/wp\/v2\/media\/28796"}],"wp:attachment":[{"href":"https:\/\/www.wiitec.cl\/index.php\/wp-json\/wp\/v2\/media?parent=28800"}],"wp:term":[{"taxonomy":"product_brand","embeddable":true,"href":"https:\/\/www.wiitec.cl\/index.php\/wp-json\/wp\/v2\/product_brand?post=28800"},{"taxonomy":"product_cat","embeddable":true,"href":"https:\/\/www.wiitec.cl\/index.php\/wp-json\/wp\/v2\/product_cat?post=28800"},{"taxonomy":"product_tag","embeddable":true,"href":"https:\/\/www.wiitec.cl\/index.php\/wp-json\/wp\/v2\/product_tag?post=28800"}],"curies":[{"name":"wp","href":"https:\/\/api.w.org\/{rel}","templated":true}]}}