{"id":28839,"date":"2026-04-26T16:52:17","date_gmt":"2026-04-26T20:52:17","guid":{"rendered":"https:\/\/www.wiitec.cl\/index.php\/product\/lamina-full-hd-tecnologia-uv\/"},"modified":"2026-04-26T16:52:19","modified_gmt":"2026-04-26T20:52:19","slug":"lamina-full-hd-tecnologia-uv","status":"publish","type":"product","link":"https:\/\/www.wiitec.cl\/index.php\/product\/lamina-full-hd-tecnologia-uv\/","title":{"rendered":"L\u00e1mina FULL HD TECNOLOG\u00cdA UV"},"content":{"rendered":"<p>Instala f\u00e1cilmente desde casa: incluye un kit completo con toallitas, esp\u00e1tula y un video explicativo para que apliques la l\u00e1mina sin burbujas ni complicaciones. \u00a1En minutos tu equipo estar\u00e1 protegido y listo para usar!<\/p>\n<p>No esperes a que tu pantalla se da\u00f1e. \u00a1Invert\u00ed hoy en protecci\u00f3n profesional con env\u00edo r\u00e1pido y seguro!<\/p>\n","protected":false},"excerpt":{"rendered":"<p>Instala f\u00e1cilmente desde casa: incluye un kit completo con toallitas, esp\u00e1tula y un video explicativo para que apliques la l\u00e1mina<\/p>\n","protected":false},"featured_media":28838,"comment_status":"open","ping_status":"closed","template":"","meta":[],"product_brand":[],"product_cat":[633],"product_tag":[],"class_list":{"0":"post-28839","1":"product","2":"type-product","3":"status-publish","4":"has-post-thumbnail","6":"product_cat-laminas-pro","8":"first","9":"instock","10":"sale","11":"taxable","12":"shipping-taxable","13":"purchasable","14":"product-type-simple"},"jetpack_sharing_enabled":true,"_links":{"self":[{"href":"https:\/\/www.wiitec.cl\/index.php\/wp-json\/wp\/v2\/product\/28839","targetHints":{"allow":["GET"]}}],"collection":[{"href":"https:\/\/www.wiitec.cl\/index.php\/wp-json\/wp\/v2\/product"}],"about":[{"href":"https:\/\/www.wiitec.cl\/index.php\/wp-json\/wp\/v2\/types\/product"}],"replies":[{"embeddable":true,"href":"https:\/\/www.wiitec.cl\/index.php\/wp-json\/wp\/v2\/comments?post=28839"}],"version-history":[{"count":0,"href":"https:\/\/www.wiitec.cl\/index.php\/wp-json\/wp\/v2\/product\/28839\/revisions"}],"wp:featuredmedia":[{"embeddable":true,"href":"https:\/\/www.wiitec.cl\/index.php\/wp-json\/wp\/v2\/media\/28838"}],"wp:attachment":[{"href":"https:\/\/www.wiitec.cl\/index.php\/wp-json\/wp\/v2\/media?parent=28839"}],"wp:term":[{"taxonomy":"product_brand","embeddable":true,"href":"https:\/\/www.wiitec.cl\/index.php\/wp-json\/wp\/v2\/product_brand?post=28839"},{"taxonomy":"product_cat","embeddable":true,"href":"https:\/\/www.wiitec.cl\/index.php\/wp-json\/wp\/v2\/product_cat?post=28839"},{"taxonomy":"product_tag","embeddable":true,"href":"https:\/\/www.wiitec.cl\/index.php\/wp-json\/wp\/v2\/product_tag?post=28839"}],"curies":[{"name":"wp","href":"https:\/\/api.w.org\/{rel}","templated":true}]}}